{"id":1416,"date":"2016-02-12T08:09:36","date_gmt":"2016-02-12T08:09:36","guid":{"rendered":"http:\/\/demos.famethemes.com\/onepress\/?page_id=17"},"modified":"2022-04-29T23:24:52","modified_gmt":"2022-04-29T23:24:52","slug":"empresa","status":"publish","type":"page","link":"http:\/\/onepress.maga-digital.com\/index.php\/empresa\/","title":{"rendered":"La Empresa"},"content":{"rendered":"\n<h2 class=\"has-text-align-center\">LA EMPRESA<\/h2>\n\n\n\n<p><\/p>\n\n\n\n<p class=\"has-text-align-center\" style=\"font-size:16px;\"><span><strong>Eccosur<\/strong><\/span> es fabricante argentino de tecnolog\u00eda de uso m\u00e9dico y veterinario. <br>Ofrece soluciones integrales a nivel nacional y regional, de equipos, software y servicios para el diagn\u00f3stico cardiol\u00f3gico orientado a la prevenci\u00f3n y control de enfermedades.Entre nuestras actividades, realizamos dise\u00f1o, fabricaci\u00f3n, producci\u00f3n y venta de soluciones m\u00e9dicas, incluyendo asesoramiento, programas de capacitaci\u00f3n y una amplia gama de servicios pre y post venta, acorde con las necesidades de cada cliente.<\/p>\n\n\n\n<div style=\"height:40px\" aria-hidden=\"true\" class=\"wp-block-spacer\"><\/div>\n\n\n\n<div class=\"outer-box\">\n <div class=\"imagen\" style=\"float:left; width:33%;\">\n <img loading=\"lazy\" width=\"350\" height=\"197\" style=\"box-sizing:unset;\" src=\"http:\/\/onepress.maga-digital.com\/wp-content\/uploads\/2021\/10\/foto01empresa.jpg\" alt=\"\" class=\"wp-image-1736\" srcset=\"http:\/\/onepress.maga-digital.com\/wp-content\/uploads\/2021\/10\/foto01empresa.jpg 350w, http:\/\/onepress.maga-digital.com\/wp-content\/uploads\/2021\/10\/foto01empresa-300x169.jpg 300w\" sizes=\"(max-width: 350px) 100vw, 350px\" \/>\n <\/div>\n <div class=\"texto_e\">\n <h3 style=\"color:#689e23;\"> NUESTRA HISTORIA <\/h3>\n <p>Hace m\u00e1s de 10 a\u00f1os, dos j\u00f3venes ingenieros se acercaron al grupo Sirex con una propuesta:\n dise\u00f1ar y desarrollar equipos para cardiolog\u00eda de excelencia, basados en procesos innovadores\n de software y tecnolog\u00eda Argentina. As\u00ed naci\u00f3 la marca eccosur.\n Acordamos una sola condici\u00f3n: &#8220;Deben ser iguales o superiores a los mejores del mundo&#8221;.\n<\/p>\n\n<p class=\"hide_e\" id=\"extra1\">Con nuestro esfuerzo, ese sue\u00f1o se cumpli\u00f3 y hoy estamos presentes no s\u00f3lo en Argentina, sino en el mundo.<br>Nuestra historia se est\u00e1 armando.<br>En el 2016, decidimos crecer, incorporando dos nuevas unidades a nuestro negocio, nuestro departamento de capacitaci\u00f3n, el que le permitir\u00e1 a nuestros clientes acceder a los mejores est\u00e1ndares de entrenamiento y nuestro departamento de servicios, orientados para cada necesidad y tipo de cliente.<br>Usted es, y formar\u00e1 parte de una historia construida entre todos, donde prime la flexibilidad y el compromiso con lo que mejor hacemos, ayudar a nuestros clientes en su hermoso y desafiante rol, el del diagn\u00f3stico cardiol\u00f3gico.<\/p>\n<a href=\"javascript:void(0)\" id=\"show1\">Ver m\u00e1s<\/a>\n <\/div>\n\n<\/div>\n<div class=\"outer-box\">\n <div class=\"imagen\" style=\"float:left; width:33%;\">\n<img loading=\"lazy\" width=\"350\" height=\"197\" src=\"http:\/\/onepress.maga-digital.com\/wp-content\/uploads\/2021\/10\/foto02empresa.jpg\" alt=\"\" class=\"wp-image-1738\" srcset=\"http:\/\/onepress.maga-digital.com\/wp-content\/uploads\/2021\/10\/foto02empresa.jpg 350w, http:\/\/onepress.maga-digital.com\/wp-content\/uploads\/2021\/10\/foto02empresa-300x169.jpg 300w\" sizes=\"(max-width: 350px) 100vw, 350px\" \/>\n <\/div>\n <div class=\"texto_e\">\n <h3 style=\"color:#689e23;\"> MISI\u00d3N <\/h3>\n <p>Satisfacer las necesidades de nuestros clientes y acompa\u00f1arlos incansablemente en su rol\nprovey\u00e9ndoles de productos y soluciones integrales para que puedan realizar el diagn\u00f3stico\ncardiol\u00f3gico<\/p>\n <\/div>\n<\/div>\n<div class=\"outer-box\">\n <div class=\"imagen\" style=\"float:left; width:33%;\">\n<img loading=\"lazy\" width=\"350\" height=\"197\" src=\"http:\/\/onepress.maga-digital.com\/wp-content\/uploads\/2021\/10\/foto03empresa.jpg\" alt=\"\" class=\"wp-image-1739\" srcset=\"http:\/\/onepress.maga-digital.com\/wp-content\/uploads\/2021\/10\/foto03empresa.jpg 350w, http:\/\/onepress.maga-digital.com\/wp-content\/uploads\/2021\/10\/foto03empresa-300x169.jpg 300w\" sizes=\"(max-width: 350px) 100vw, 350px\" \/>\n <\/div>\n <div class=\"texto_e\">\n <h3 style=\"color:#689e23;\"> VALORES <\/h3>\n <p>Constante investigaci\u00f3n y desarrollo\nNos apasiona investigar y desarrollar productos y soluciones acordes a las demandas cambiantes de la sociedad y la comunidad m\u00e9dica. Para ello, estamos a la vanguardia en tecnolog\u00edas\nque permitan un mejor y m\u00e1s efectivo acercamiento m\u00e9dico-paciente.<\/p>\n\n<p class=\"hide_e\" id=\"extra2\">Asistencia al cliente SIEMPRE\nCuando de salud se trata, no hay pausas ni recreos, estamos siempre para dar soporte a nuestros clientes.<br>Flexibilidad y adaptabilidad\nNo todos nuestros clientes tienen las mismas necesidades, ni siempre son las mismas. Nosotros nos adaptamos a cada uno.<br>Flexibilidad y adaptabilidad\nNo todos nuestros clientes tienen las mismas necesidades, ni siempre son las mismas. Nosotros nos adaptamos a cada uno.<\/p>\n\n\n<a href=\"javascript:void(0)\" id=\"show2\">Ver m\u00e1s<\/a>\n <\/div>\n<\/div>\n<script>\njQuery('#show1').on('click', function() {\n  jQuery('#extra1').toggle();\n});\njQuery('#show2').on('click', function() {\n  jQuery('#extra2').toggle();\n\n});\n<\/script>\n\n\n\n<div style=\"height:40px\" aria-hidden=\"true\" class=\"wp-block-spacer\"><\/div>\n\n\n\n<h3 class=\"has-text-align-center has-medium-font-size\">CONFIARON EN NOSOTROS<\/h3>\n\n\n\n<div class=\"wp-container-9 wp-block-columns\">\n<div class=\"wp-container-4 wp-block-column\">\n<div class=\"wp-container-3 wp-block-columns are-vertically-aligned-center\">\n<div class=\"wp-container-1 wp-block-column is-vertically-aligned-center\">\n<div class=\"wp-block-image\"><figure class=\"aligncenter size-full\"><img loading=\"lazy\" width=\"274\" height=\"117\" src=\"http:\/\/onepress.maga-digital.com\/wp-content\/uploads\/2021\/10\/logogarrahan.jpg\" alt=\"\" class=\"wp-image-1887\"\/><\/figure><\/div>\n<\/div>\n\n\n\n<div class=\"wp-container-2 wp-block-column is-vertically-aligned-center\">\n<div class=\"wp-block-image\"><figure class=\"aligncenter size-full\"><img loading=\"lazy\" width=\"551\" height=\"90\" src=\"http:\/\/onepress.maga-digital.com\/wp-content\/uploads\/2021\/10\/header_logo_austral.png\" alt=\"\" class=\"wp-image-1888\" srcset=\"http:\/\/onepress.maga-digital.com\/wp-content\/uploads\/2021\/10\/header_logo_austral.png 551w, http:\/\/onepress.maga-digital.com\/wp-content\/uploads\/2021\/10\/header_logo_austral-300x49.png 300w\" sizes=\"(max-width: 551px) 100vw, 551px\" \/><\/figure><\/div>\n<\/div>\n<\/div>\n<\/div>\n\n\n\n<div class=\"wp-container-8 wp-block-column is-vertically-aligned-center\">\n<div class=\"wp-container-7 wp-block-columns are-vertically-aligned-center\">\n<div class=\"wp-container-5 wp-block-column is-vertically-aligned-center\">\n<div class=\"wp-block-image\"><figure class=\"aligncenter size-full is-resized\"><img loading=\"lazy\" src=\"http:\/\/onepress.maga-digital.com\/wp-content\/uploads\/2021\/10\/Logo-Mater-Dei-Azul-05.png\" alt=\"\" class=\"wp-image-1889\" width=\"186\" height=\"43\" srcset=\"http:\/\/onepress.maga-digital.com\/wp-content\/uploads\/2021\/10\/Logo-Mater-Dei-Azul-05.png 381w, http:\/\/onepress.maga-digital.com\/wp-content\/uploads\/2021\/10\/Logo-Mater-Dei-Azul-05-300x71.png 300w\" sizes=\"(max-width: 186px) 100vw, 186px\" \/><\/figure><\/div>\n<\/div>\n\n\n\n<div class=\"wp-container-6 wp-block-column is-vertically-aligned-center\">\n<figure class=\"wp-block-image size-full\"><img loading=\"lazy\" width=\"300\" height=\"61\" src=\"http:\/\/onepress.maga-digital.com\/wp-content\/uploads\/2021\/10\/logo-coloricba.png\" alt=\"\" class=\"wp-image-1890\"\/><\/figure>\n<\/div>\n<\/div>\n<\/div>\n<\/div>\n\n\n\n<div style=\"height:40px\" aria-hidden=\"true\" class=\"wp-block-spacer\"><\/div>\n\n\n\n<h3 class=\"has-text-align-center\">CERTIFICACIONES<\/h3>\n\n\n\n<div class=\"wp-container-12 wp-block-columns\">\n<div class=\"wp-container-10 wp-block-column\">\n<div class=\"wp-block-image\"><figure class=\"aligncenter size-full is-resized\"><img loading=\"lazy\" src=\"http:\/\/onepress.maga-digital.com\/wp-content\/uploads\/2021\/10\/Cert_iso-e1635300605404.jpg\" alt=\"\" class=\"wp-image-1883\" width=\"98\" height=\"100\"\/><\/figure><\/div>\n\n\n\n<p class=\"has-text-align-center\">Sistema de Gesti\u00f3n de acuerdo con la Norma NBR ISO 13485:2016<\/p>\n\n\n\n<p class=\"has-text-align-center\">V<a href=\"http:\/\/eccosur.com\/img_certificaciones\/07231832_CertISO13485Esp06..07.20201.pdf\" title=\"http:\/\/eccosur.com\/img_certificaciones\/07231832_CertISO13485Esp06..07.20201.pdf\">er detalles<\/a><\/p>\n<\/div>\n\n\n\n<div class=\"wp-container-11 wp-block-column\">\n<div class=\"wp-block-image\"><figure class=\"aligncenter size-large is-resized\"><img loading=\"lazy\" src=\"http:\/\/onepress.maga-digital.com\/wp-content\/uploads\/2021\/10\/Logo_ANMAT-1024x349.png\" alt=\"\" class=\"wp-image-1881\" width=\"249\" height=\"83\"\/><\/figure><\/div>\n\n\n\n<p class=\"has-text-align-center\">Sistema de Gesti\u00f3n de acuerdo con la Norma NBR ISO 13485:2016<\/p>\n\n\n\n<p class=\"has-text-align-center\"><a href=\"http:\/\/eccosur.com\/img_certificaciones\/05070815_EKOSURSA-CertificadoAFEYBPF-ANMAT-VTO07JUN21.pdf\" title=\"http:\/\/eccosur.com\/img_certificaciones\/05070815_EKOSURSA-CertificadoAFEYBPF-ANMAT-VTO07JUN21.pdf\">Ver detalles<\/a><\/p>\n<\/div>\n<\/div>\n\n\n\n<p><\/p>\n","protected":false},"excerpt":{"rendered":"<p>Eccosur es fabricante argentino de tecnolog\u00eda de uso m\u00e9dico y veterinario. Ofrece soluciones integrales a nivel nacional y regional, de equipos, software y servicios para el diagn\u00f3stico cardiol\u00f3gico orientado a la prevenci\u00f3n y control de enfermedades. Entre nuestras actividades, realizamos dise\u00f1o, fabricaci\u00f3n, producci\u00f3n y venta de soluciones m\u00e9dicas, incluyendo asesoramiento, programas de capacitaci\u00f3n y una amplia gama de servicios pre y post venta, acorde con las necesidades de cada cliente.<\/p>\n","protected":false},"author":2,"featured_media":0,"parent":0,"menu_order":0,"comment_status":"closed","ping_status":"closed","template":"template-fullwidth.php","meta":{"om_disable_all_campaigns":false,"_monsterinsights_skip_tracking":false,"_monsterinsights_sitenote_active":false,"_monsterinsights_sitenote_note":"","_monsterinsights_sitenote_category":0},"_links":{"self":[{"href":"http:\/\/onepress.maga-digital.com\/index.php\/wp-json\/wp\/v2\/pages\/1416"}],"collection":[{"href":"http:\/\/onepress.maga-digital.com\/index.php\/wp-json\/wp\/v2\/pages"}],"about":[{"href":"http:\/\/onepress.maga-digital.com\/index.php\/wp-json\/wp\/v2\/types\/page"}],"author":[{"embeddable":true,"href":"http:\/\/onepress.maga-digital.com\/index.php\/wp-json\/wp\/v2\/users\/2"}],"replies":[{"embeddable":true,"href":"http:\/\/onepress.maga-digital.com\/index.php\/wp-json\/wp\/v2\/comments?post=1416"}],"version-history":[{"count":44,"href":"http:\/\/onepress.maga-digital.com\/index.php\/wp-json\/wp\/v2\/pages\/1416\/revisions"}],"predecessor-version":[{"id":2099,"href":"http:\/\/onepress.maga-digital.com\/index.php\/wp-json\/wp\/v2\/pages\/1416\/revisions\/2099"}],"wp:attachment":[{"href":"http:\/\/onepress.maga-digital.com\/index.php\/wp-json\/wp\/v2\/media?parent=1416"}],"curies":[{"name":"wp","href":"https:\/\/api.w.org\/{rel}","templated":true}]}}