{"id":1994,"date":"2022-04-28T00:15:25","date_gmt":"2022-04-28T00:15:25","guid":{"rendered":"http:\/\/onepress.maga-digital.com\/?page_id=1994"},"modified":"2022-05-12T12:06:07","modified_gmt":"2022-05-12T12:06:07","slug":"soluciones","status":"publish","type":"page","link":"http:\/\/onepress.maga-digital.com\/index.php\/soluciones\/","title":{"rendered":"Soluciones"},"content":{"rendered":"\n<div style=\"height:60px\" aria-hidden=\"true\" class=\"wp-block-spacer\"><\/div>\n\n\n\n<h2 class=\"has-text-align-center has-black-color has-text-color\">SOLUCIONES<\/h2>\n\n\n\n<p class=\"has-text-align-center has-medium-font-size\"><strong>Eccosur<\/strong>&nbsp;presta servicios m\u00e9dicos a distancia. Para su implementaci\u00f3n se emplean tecnolog\u00edas de informaci\u00f3n y comunicaciones.<\/p>\n\n\n\n<div class=\"wp-container-3 wp-block-columns\">\n<div class=\"wp-container-1 wp-block-column\">\n<div class=\"wp-block-image\"><figure class=\"aligncenter size-full\"><img loading=\"lazy\" width=\"831\" height=\"851\" src=\"http:\/\/onepress.maga-digital.com\/wp-content\/uploads\/2022\/05\/SOLUCIONESEC.png\" alt=\"\" class=\"wp-image-2144\" srcset=\"http:\/\/onepress.maga-digital.com\/wp-content\/uploads\/2022\/05\/SOLUCIONESEC.png 831w, http:\/\/onepress.maga-digital.com\/wp-content\/uploads\/2022\/05\/SOLUCIONESEC-293x300.png 293w, http:\/\/onepress.maga-digital.com\/wp-content\/uploads\/2022\/05\/SOLUCIONESEC-768x786.png 768w, http:\/\/onepress.maga-digital.com\/wp-content\/uploads\/2022\/05\/SOLUCIONESEC-600x614.png 600w\" sizes=\"(max-width: 831px) 100vw, 831px\" \/><\/figure><\/div>\n<\/div>\n\n\n\n<div class=\"wp-container-2 wp-block-column\">\n<div style=\"height:30px\" aria-hidden=\"true\" class=\"wp-block-spacer\"><\/div>\n\n\n\n<h5 class=\"has-text-color\" style=\"color:#689e23\">TELECARDIO<\/h5>\n\n\n\n<p>Sistema de Gesti\u00f3n y An\u00e1lisis Remoto de estudios cardiol\u00f3gicos:<\/p>\n\n\n\n<ul><li>Posibilita la generaci\u00f3n de datos para la confecci\u00f3n de estad\u00edstica e informes, ayudando a observar en forma sist\u00e9mica y oportuna los eventos de salud cardiol\u00f3gica en forma remota.<\/li><li>Permite ahorrar costos en el monitoreo de poblaciones vulnerables ya que, al brindar asistencia remota, permite monitorear de manera centralizada, pacientes cr\u00f3nicos sin la necesidad de ser asistido por un profesional cardiol\u00f3gico en los centros de asistencia remotos.<\/li><li>Brinda la posibilidad de realizar interconsultas al exterior u otras regiones en caso de ser necesario<\/li><li>Fomenta la prevenci\u00f3n y detecci\u00f3n precoz de enfermedades card\u00edacas, agilizando la asistencia ante la emergencia con disponibilidad 24\/7<\/li><\/ul>\n\n\n\n<h5 class=\"has-text-color\" style=\"color:#689e23\"><strong>DESARROLLOS PARTICULARES<\/strong><\/h5>\n\n\n\n<ul><li>Contamos con expertos especialistas en desarrollos especiales adaptados a su necesidad, por ejemplo, integraci\u00f3n de historias cl\u00ednicas con su sistema, firmas digitales, y todo aquello que Ud. o su instituci\u00f3n pudiera requerir.<\/li><li>Destinamos un equipo altamente calificado para que Ud. optimice tiempos, esfuerzos y costos, sin descuidar la flexibilidad que nos caracteriza.<\/li><\/ul>\n\n\n\n<h5 class=\"has-text-color\" style=\"color:#689e23\"><strong>INTEROPERABILIDAD DICOM<\/strong><\/h5>\n\n\n\n<ul><li>Permite la conectividad hacia sistemas inform\u00e1ticos RIS y PACS para los equipos Eccosur, utilizando el est\u00e1ndar DICOM.<\/li><li>Comunicaci\u00f3n bidireccional que permite intercambiar datos demogr\u00e1ficos de cada paciente y las \u00f3rdenes de prestaci\u00f3n desde RIS (Worklist) y exportar formas de ondas, resultados en formato PDF hacia sistemas PACS a trav\u00e9s del est\u00e1ndar DICOM<\/li><\/ul>\n<\/div>\n<\/div>\n","protected":false},"excerpt":{"rendered":"<p>SOLUCIONES Eccosur&nbsp;presta servicios m\u00e9dicos a distancia. Para su implementaci\u00f3n se emplean tecnolog\u00edas de informaci\u00f3n y comunicaciones. TELECARDIO Sistema de Gesti\u00f3n y An\u00e1lisis Remoto de estudios cardiol\u00f3gicos: Posibilita la generaci\u00f3n de &#8230;<\/p>\n","protected":false},"author":1,"featured_media":0,"parent":0,"menu_order":0,"comment_status":"closed","ping_status":"closed","template":"template-fullwidth-stretched.php","meta":{"om_disable_all_campaigns":false,"_monsterinsights_skip_tracking":false,"_monsterinsights_sitenote_active":false,"_monsterinsights_sitenote_note":"","_monsterinsights_sitenote_category":0},"_links":{"self":[{"href":"http:\/\/onepress.maga-digital.com\/index.php\/wp-json\/wp\/v2\/pages\/1994"}],"collection":[{"href":"http:\/\/onepress.maga-digital.com\/index.php\/wp-json\/wp\/v2\/pages"}],"about":[{"href":"http:\/\/onepress.maga-digital.com\/index.php\/wp-json\/wp\/v2\/types\/page"}],"author":[{"embeddable":true,"href":"http:\/\/onepress.maga-digital.com\/index.php\/wp-json\/wp\/v2\/users\/1"}],"replies":[{"embeddable":true,"href":"http:\/\/onepress.maga-digital.com\/index.php\/wp-json\/wp\/v2\/comments?post=1994"}],"version-history":[{"count":18,"href":"http:\/\/onepress.maga-digital.com\/index.php\/wp-json\/wp\/v2\/pages\/1994\/revisions"}],"predecessor-version":[{"id":2198,"href":"http:\/\/onepress.maga-digital.com\/index.php\/wp-json\/wp\/v2\/pages\/1994\/revisions\/2198"}],"wp:attachment":[{"href":"http:\/\/onepress.maga-digital.com\/index.php\/wp-json\/wp\/v2\/media?parent=1994"}],"curies":[{"name":"wp","href":"https:\/\/api.w.org\/{rel}","templated":true}]}}