{"id":2046,"date":"2022-04-28T01:34:02","date_gmt":"2022-04-28T01:34:02","guid":{"rendered":"http:\/\/onepress.maga-digital.com\/?page_id=2046"},"modified":"2022-05-12T18:58:46","modified_gmt":"2022-05-12T18:58:46","slug":"capacitacion","status":"publish","type":"page","link":"http:\/\/onepress.maga-digital.com\/index.php\/capacitacion\/","title":{"rendered":"Capacitacion"},"content":{"rendered":"\n<h2 class=\"has-text-align-center\">CAPACITACIONES<\/h2>\n\n\n\n<p class=\"has-text-align-center\" style=\"font-size:17px\"><strong>Eccosur<\/strong>\u00a0organiza y coordina diversas actividades de capacitaci\u00f3n para que nuestros clientes cuenten con el mejor nivel en el uso de nuestros equipos y softwares y en t\u00e9cnicas para el diagn\u00f3stico cardiol\u00f3gico.<\/p>\n\n\n\n<p class=\"has-text-align-center has-medium-font-size\"><strong>Contactanos por Whatsapp<\/strong><\/p>\n\n\n\n<p class=\"has-text-align-center\">Diego Longarini: <a href=\"https:\/\/api.whatsapp.com\/send\/?phone=5491161535445&amp;text&amp;app_absent=0\">+54 911 61535445<\/a> Horario de atenci\u00f3n:15 a 19hs. <\/p>\n\n\n\n<p class=\"has-text-align-center\" style=\"font-size:15px\"><strong>Estimado Cliente, les invitamos a disfrutar de todos nuestros videos sobre: Capacitaciones, Webinars, Cursos y Tutoriales haciendo click&nbsp;<a href=\"https:\/\/www.youtube.com\/user\/eccosuronbeat\/playlists\">aqui<\/a><\/strong><\/p>\n\n\n\n<div class=\"wp-container-4 wp-block-columns img_capac\">\n<div class=\"wp-container-1 wp-block-column\">\n<figure class=\"wp-block-image size-large\"><img loading=\"lazy\" width=\"1024\" height=\"683\" src=\"http:\/\/onepress.maga-digital.com\/wp-content\/uploads\/2022\/04\/10241606_10031029iStock69051719XXLARGE-1024x683.jpg\" alt=\"\" class=\"wp-image-2048\" srcset=\"http:\/\/onepress.maga-digital.com\/wp-content\/uploads\/2022\/04\/10241606_10031029iStock69051719XXLARGE-1024x683.jpg 1024w, http:\/\/onepress.maga-digital.com\/wp-content\/uploads\/2022\/04\/10241606_10031029iStock69051719XXLARGE-300x200.jpg 300w, http:\/\/onepress.maga-digital.com\/wp-content\/uploads\/2022\/04\/10241606_10031029iStock69051719XXLARGE-768x512.jpg 768w, http:\/\/onepress.maga-digital.com\/wp-content\/uploads\/2022\/04\/10241606_10031029iStock69051719XXLARGE-600x400.jpg 600w, http:\/\/onepress.maga-digital.com\/wp-content\/uploads\/2022\/04\/10241606_10031029iStock69051719XXLARGE.jpg 1200w\" sizes=\"(max-width: 1024px) 100vw, 1024px\" \/><\/figure>\n\n\n\n<p><a href=\"http:\/\/onepress.maga-digital.com\/index.php\/capacitacion_dafa\/\" title=\"Capacitaci\u00f3n_DaFA\"><strong>M\u00f3dulo de Detecci\u00f3n autom\u00e1tica de Fibrilaci\u00f3n Auricular<\/strong><\/a><\/p>\n<\/div>\n\n\n\n<div class=\"wp-container-2 wp-block-column\">\n<figure class=\"wp-block-image size-large\"><img loading=\"lazy\" width=\"1024\" height=\"682\" src=\"http:\/\/onepress.maga-digital.com\/wp-content\/uploads\/2022\/04\/CapaDAFA-1024x682.jpg\" alt=\"\" class=\"wp-image-2050\" srcset=\"http:\/\/onepress.maga-digital.com\/wp-content\/uploads\/2022\/04\/CapaDAFA-1024x682.jpg 1024w, http:\/\/onepress.maga-digital.com\/wp-content\/uploads\/2022\/04\/CapaDAFA-300x200.jpg 300w, http:\/\/onepress.maga-digital.com\/wp-content\/uploads\/2022\/04\/CapaDAFA-768x511.jpg 768w, http:\/\/onepress.maga-digital.com\/wp-content\/uploads\/2022\/04\/CapaDAFA-600x400.jpg 600w, http:\/\/onepress.maga-digital.com\/wp-content\/uploads\/2022\/04\/CapaDAFA.jpg 1200w\" sizes=\"(max-width: 1024px) 100vw, 1024px\" \/><\/figure>\n\n\n\n<p><a href=\"http:\/\/onepress.maga-digital.com\/index.php\/capacitacion_ecgvs\/\" title=\"Capacitaci\u00f3n_ECGVS\"><strong>M\u00f3dulo ECG View Resting ECG<\/strong><\/a><\/p>\n<\/div>\n\n\n\n<div class=\"wp-container-3 wp-block-column\">\n<figure class=\"wp-block-image size-large\"><img loading=\"lazy\" width=\"1024\" height=\"682\" src=\"http:\/\/onepress.maga-digital.com\/wp-content\/uploads\/2022\/04\/CapaECG-1024x682.jpg\" alt=\"\" class=\"wp-image-2051\" srcset=\"http:\/\/onepress.maga-digital.com\/wp-content\/uploads\/2022\/04\/CapaECG-1024x682.jpg 1024w, http:\/\/onepress.maga-digital.com\/wp-content\/uploads\/2022\/04\/CapaECG-300x200.jpg 300w, http:\/\/onepress.maga-digital.com\/wp-content\/uploads\/2022\/04\/CapaECG-768x511.jpg 768w, http:\/\/onepress.maga-digital.com\/wp-content\/uploads\/2022\/04\/CapaECG-600x400.jpg 600w, http:\/\/onepress.maga-digital.com\/wp-content\/uploads\/2022\/04\/CapaECG.jpg 1200w\" sizes=\"(max-width: 1024px) 100vw, 1024px\" \/><\/figure>\n\n\n\n<p><a href=\"http:\/\/onepress.maga-digital.com\/index.php\/capacitacion_ecgvs\/\" title=\"Capacitaci\u00f3n_ECGVS\"><strong>M\u00f3dulo ECG View Stress ECG<\/strong><\/a><\/p>\n<\/div>\n<\/div>\n\n\n\n<div class=\"wp-container-8 wp-block-columns img_capac\">\n<div class=\"wp-container-5 wp-block-column\">\n<figure class=\"wp-block-image size-large\"><img loading=\"lazy\" width=\"1024\" height=\"683\" src=\"http:\/\/onepress.maga-digital.com\/wp-content\/uploads\/2022\/04\/CapaECGs-1024x683.jpg\" alt=\"\" class=\"wp-image-2052\" srcset=\"http:\/\/onepress.maga-digital.com\/wp-content\/uploads\/2022\/04\/CapaECGs-1024x683.jpg 1024w, http:\/\/onepress.maga-digital.com\/wp-content\/uploads\/2022\/04\/CapaECGs-300x200.jpg 300w, http:\/\/onepress.maga-digital.com\/wp-content\/uploads\/2022\/04\/CapaECGs-768x512.jpg 768w, http:\/\/onepress.maga-digital.com\/wp-content\/uploads\/2022\/04\/CapaECGs-600x400.jpg 600w, http:\/\/onepress.maga-digital.com\/wp-content\/uploads\/2022\/04\/CapaECGs.jpg 1200w\" sizes=\"(max-width: 1024px) 100vw, 1024px\" \/><figcaption><strong><a href=\"http:\/\/onepress.maga-digital.com\/index.php\/capacitacion_mapa\/\" title=\"Capacitaci\u00f3n_MAPA\">MAPA MP260<\/a><\/strong><\/figcaption><\/figure>\n<\/div>\n\n\n\n<div class=\"wp-container-6 wp-block-column\">\n<figure class=\"wp-block-image size-large\"><img loading=\"lazy\" width=\"1024\" height=\"683\" src=\"http:\/\/onepress.maga-digital.com\/wp-content\/uploads\/2022\/04\/capaholter-1024x683.jpg\" alt=\"\" class=\"wp-image-2053\" srcset=\"http:\/\/onepress.maga-digital.com\/wp-content\/uploads\/2022\/04\/capaholter-1024x683.jpg 1024w, http:\/\/onepress.maga-digital.com\/wp-content\/uploads\/2022\/04\/capaholter-300x200.jpg 300w, http:\/\/onepress.maga-digital.com\/wp-content\/uploads\/2022\/04\/capaholter-768x512.jpg 768w, http:\/\/onepress.maga-digital.com\/wp-content\/uploads\/2022\/04\/capaholter-600x400.jpg 600w, http:\/\/onepress.maga-digital.com\/wp-content\/uploads\/2022\/04\/capaholter.jpg 1200w\" sizes=\"(max-width: 1024px) 100vw, 1024px\" \/><figcaption><strong><a href=\"http:\/\/onepress.maga-digital.com\/index.php\/capacitacion_holterht103\/\" title=\"Capacitaci\u00f3n_HOLTERHT103\">Holter HT103<\/a><\/strong><\/figcaption><\/figure>\n<\/div>\n\n\n\n<div class=\"wp-container-7 wp-block-column\"><\/div>\n<\/div>\n\n\n\n<p><\/p>\n","protected":false},"excerpt":{"rendered":"<p>CAPACITACIONES Eccosur\u00a0organiza y coordina diversas actividades de capacitaci\u00f3n para que nuestros clientes cuenten con el mejor nivel en el uso de nuestros equipos y softwares y en t\u00e9cnicas para el &#8230;<\/p>\n","protected":false},"author":1,"featured_media":0,"parent":0,"menu_order":0,"comment_status":"closed","ping_status":"closed","template":"","meta":{"om_disable_all_campaigns":false,"_monsterinsights_skip_tracking":false,"_monsterinsights_sitenote_active":false,"_monsterinsights_sitenote_note":"","_monsterinsights_sitenote_category":0},"_links":{"self":[{"href":"http:\/\/onepress.maga-digital.com\/index.php\/wp-json\/wp\/v2\/pages\/2046"}],"collection":[{"href":"http:\/\/onepress.maga-digital.com\/index.php\/wp-json\/wp\/v2\/pages"}],"about":[{"href":"http:\/\/onepress.maga-digital.com\/index.php\/wp-json\/wp\/v2\/types\/page"}],"author":[{"embeddable":true,"href":"http:\/\/onepress.maga-digital.com\/index.php\/wp-json\/wp\/v2\/users\/1"}],"replies":[{"embeddable":true,"href":"http:\/\/onepress.maga-digital.com\/index.php\/wp-json\/wp\/v2\/comments?post=2046"}],"version-history":[{"count":13,"href":"http:\/\/onepress.maga-digital.com\/index.php\/wp-json\/wp\/v2\/pages\/2046\/revisions"}],"predecessor-version":[{"id":2234,"href":"http:\/\/onepress.maga-digital.com\/index.php\/wp-json\/wp\/v2\/pages\/2046\/revisions\/2234"}],"wp:attachment":[{"href":"http:\/\/onepress.maga-digital.com\/index.php\/wp-json\/wp\/v2\/media?parent=2046"}],"curies":[{"name":"wp","href":"https:\/\/api.w.org\/{rel}","templated":true}]}}