{"id":1557,"date":"2021-09-13T02:49:38","date_gmt":"2021-09-13T02:49:38","guid":{"rendered":"http:\/\/onepress.maga-digital.com\/?post_type=product&#038;p=1557"},"modified":"2022-05-11T00:47:14","modified_gmt":"2022-05-11T00:47:14","slug":"ecg-view-resting-ecg","status":"publish","type":"product","link":"http:\/\/onepress.maga-digital.com\/index.php\/producto\/ecg-view-resting-ecg\/","title":{"rendered":"ECG View Resting ECG"},"content":{"rendered":"<ul>\n<li>Posibilidad de realizar monitoreo, grabaciones a corto y largo plazo y estudios con un electrodo de exploraci\u00f3n.<\/li>\n<li>Equipado con filtros para mejorar la calidad de la se\u00f1al, que puede aplicarse durante y \/ o despu\u00e9s del estudio.<\/li>\n<li>Posibilidad de realizar mediciones automatizadas que proporcionen el eje cardiaco ECG, segmentos e intervalos, lo que le permite obtener tasas de ritmo promedio.<\/li>\n<li>Informes y visualizaci\u00f3n totalmente configurables y reportes sencillos para un rendimiento de estudio r\u00e1pido.<\/li>\n<li>Posibilidad de exportar estudios, junto con una aplicaci\u00f3n de visualizaci\u00f3n que permite el estudio de procesamiento en otra PC, facilitando la interconsulta m\u00e9dica.<\/li>\n<li style=\"list-style: none;text-align: center;margin: auto;\"><a class=\"btn_folleto\" href=\"\/wp-content\/uploads\/2022\/05\/Folleto-ECG-Resting-Stress.pdf\" target=\"blank\" rel=\"noopener\">Folleto<\/a><\/li>\n<\/ul>\n","protected":false},"excerpt":{"rendered":"<p>Sistema de Registro electrocardiogr\u00e1fico de 12 derivaciones basado en PC<\/p>\n<ul>\n<li>Impresi\u00f3n completa de la visualizaci\u00f3n de una ventana. Hasta 15 minutos por p\u00e1gina<\/li>\n<li>M\u00f3dulo individual, dos programas de software: ECG basales o pruebas de esfuerzo<\/li>\n<li>Software disponible en espa\u00f1ol \/ ingl\u00e9s \/ franc\u00e9s<\/li>\n<\/ul>\n","protected":false},"featured_media":1566,"template":"","meta":{"om_disable_all_campaigns":false,"_monsterinsights_skip_tracking":false,"_monsterinsights_sitenote_active":false,"_monsterinsights_sitenote_note":"","_monsterinsights_sitenote_category":0},"product_cat":[35],"product_tag":[60],"_links":{"self":[{"href":"http:\/\/onepress.maga-digital.com\/index.php\/wp-json\/wp\/v2\/product\/1557"}],"collection":[{"href":"http:\/\/onepress.maga-digital.com\/index.php\/wp-json\/wp\/v2\/product"}],"about":[{"href":"http:\/\/onepress.maga-digital.com\/index.php\/wp-json\/wp\/v2\/types\/product"}],"wp:featuredmedia":[{"embeddable":true,"href":"http:\/\/onepress.maga-digital.com\/index.php\/wp-json\/wp\/v2\/media\/1566"}],"wp:attachment":[{"href":"http:\/\/onepress.maga-digital.com\/index.php\/wp-json\/wp\/v2\/media?parent=1557"}],"wp:term":[{"taxonomy":"product_cat","embeddable":true,"href":"http:\/\/onepress.maga-digital.com\/index.php\/wp-json\/wp\/v2\/product_cat?post=1557"},{"taxonomy":"product_tag","embeddable":true,"href":"http:\/\/onepress.maga-digital.com\/index.php\/wp-json\/wp\/v2\/product_tag?post=1557"}],"curies":[{"name":"wp","href":"https:\/\/api.w.org\/{rel}","templated":true}]}}