{"id":1716,"date":"2021-10-14T03:06:41","date_gmt":"2021-10-14T03:06:41","guid":{"rendered":"http:\/\/onepress.maga-digital.com\/?post_type=product&#038;p=1716"},"modified":"2022-05-11T00:48:13","modified_gmt":"2022-05-11T00:48:13","slug":"ecg-view-stress-ecg-veterinaria","status":"publish","type":"product","link":"http:\/\/onepress.maga-digital.com\/index.php\/producto\/ecg-view-stress-ecg-veterinaria\/","title":{"rendered":"ECG View Stress ECG VET"},"content":{"rendered":"<ul>\n<li>Posibilidad de utilizar cualquier cinta ergom\u00e9trica, ciclo ergo o protocolo farmacol\u00f3gico, para editar o agregar su propio protocolo.<\/li>\n<li>Posibilidad de automatizar cintas de correr, incluso con protocolos de rampa y ciclo-erg\u00f3metros.<\/li>\n<li>Tendencias relacionadas con eventos, frecuencia card\u00edaca, ITT, pendiente ST, presi\u00f3n arterial.<\/li>\n<li>Adem\u00e1s, agrega puntos para nuestro programa de fidelizaci\u00f3n. V\u00e1lido s\u00f3lo en Argentina.<\/li>\n<li>Impresi\u00f3n de informes configurable por el usuario: resumen de la prueba, tendencias y grabaciones.<\/li>\n<li>Posibilidad de exportar estudios, rastros e im\u00e1genes de medici\u00f3n a: CD, PDF, correo electr\u00f3nico, redes locales e Internet.<\/li>\n<li>Equipado con filtros para mejorar la calidad de la se\u00f1al que se puede aplicar durante y \/ o despu\u00e9s del estudio.<\/li>\n<li>Resumen de prueba con par\u00e1metros m\u00e1ximos alcanzados en cada etapa y comparaci\u00f3n<\/li>\n<li>M\u00f3dulo \u00fanico, dos programas de software: ECG o pruebas de estr\u00e9s<\/li>\n<li>Impresi\u00f3n completa de la visualizaci\u00f3n de una ventana. Hasta 15 minutos por p\u00e1gina<\/li>\n<li style=\"list-style: none;text-align: center;margin: auto;\"><a class=\"btn_folleto\" href=\"\/wp-content\/uploads\/2022\/05\/Folleto-ECG-Resting-Stress.pdf\" target=\"blank\" rel=\"noopener\">Folleto<\/a><\/li>\n<\/ul>\n","protected":false},"excerpt":{"rendered":"<p>Sistema de Registro electrocardiogr\u00e1fico de esfuerzo de 12 derivaciones basado en PC<\/p>\n","protected":false},"featured_media":2126,"template":"","meta":{"om_disable_all_campaigns":false,"_monsterinsights_skip_tracking":false,"_monsterinsights_sitenote_active":false,"_monsterinsights_sitenote_note":"","_monsterinsights_sitenote_category":0},"product_cat":[35],"product_tag":[61],"_links":{"self":[{"href":"http:\/\/onepress.maga-digital.com\/index.php\/wp-json\/wp\/v2\/product\/1716"}],"collection":[{"href":"http:\/\/onepress.maga-digital.com\/index.php\/wp-json\/wp\/v2\/product"}],"about":[{"href":"http:\/\/onepress.maga-digital.com\/index.php\/wp-json\/wp\/v2\/types\/product"}],"wp:featuredmedia":[{"embeddable":true,"href":"http:\/\/onepress.maga-digital.com\/index.php\/wp-json\/wp\/v2\/media\/2126"}],"wp:attachment":[{"href":"http:\/\/onepress.maga-digital.com\/index.php\/wp-json\/wp\/v2\/media?parent=1716"}],"wp:term":[{"taxonomy":"product_cat","embeddable":true,"href":"http:\/\/onepress.maga-digital.com\/index.php\/wp-json\/wp\/v2\/product_cat?post=1716"},{"taxonomy":"product_tag","embeddable":true,"href":"http:\/\/onepress.maga-digital.com\/index.php\/wp-json\/wp\/v2\/product_tag?post=1716"}],"curies":[{"name":"wp","href":"https:\/\/api.w.org\/{rel}","templated":true}]}}