{"id":1722,"date":"2021-10-14T03:29:08","date_gmt":"2021-10-14T03:29:08","guid":{"rendered":"http:\/\/onepress.maga-digital.com\/?post_type=product&#038;p=1722"},"modified":"2022-05-11T00:50:37","modified_gmt":"2022-05-11T00:50:37","slug":"holter-ht-103p","status":"publish","type":"product","link":"http:\/\/onepress.maga-digital.com\/index.php\/producto\/holter-ht-103p\/","title":{"rendered":"Holter HT 103P"},"content":{"rendered":"<ul>\n<li>Monitoreo online de la se\u00f1al de ECG que permite verificar la correcta adquisici\u00f3n y evitar la repetici\u00f3n de estudios.<\/li>\n<li>Apto para uso en ni\u00f1os y neonatos<\/li>\n<li>Reportes completamente configurables incluyendo sumario autom\u00e1tico.<\/li>\n<li>Exclusiva impresi\u00f3n de tiras de scan de hasta 60 minutos con eventos resaltados.<\/li>\n<li>Firma digitalizada<\/li>\n<li>Exportaci\u00f3n en diferentes formatos con la posibilidad de procesar el estudio en otra PC facilitando la realizaci\u00f3n de interconsultas con colegas y\/o telemedicina.<\/li>\n<li>Potente base de datos centralizada con varias estaciones de trabajo y unificada para todos los productos de eccosur.<\/li>\n<li style=\"list-style: none;text-align: center;margin: auto;\"><a class=\"btn_folleto\" href=\"\/wp-content\/uploads\/2022\/05\/Folleto-HOLTER-HT-103P.pdf\" target=\"blank\" rel=\"noopener\">Folleto<\/a><\/li>\n<\/ul>\n","protected":false},"excerpt":{"rendered":"<p>Sistema de registro Holter de 3 canales<\/p>\n","protected":false},"featured_media":2127,"template":"","meta":{"om_disable_all_campaigns":false,"_monsterinsights_skip_tracking":false,"_monsterinsights_sitenote_active":false,"_monsterinsights_sitenote_note":"","_monsterinsights_sitenote_category":0},"product_cat":[35],"product_tag":[60],"_links":{"self":[{"href":"http:\/\/onepress.maga-digital.com\/index.php\/wp-json\/wp\/v2\/product\/1722"}],"collection":[{"href":"http:\/\/onepress.maga-digital.com\/index.php\/wp-json\/wp\/v2\/product"}],"about":[{"href":"http:\/\/onepress.maga-digital.com\/index.php\/wp-json\/wp\/v2\/types\/product"}],"wp:featuredmedia":[{"embeddable":true,"href":"http:\/\/onepress.maga-digital.com\/index.php\/wp-json\/wp\/v2\/media\/2127"}],"wp:attachment":[{"href":"http:\/\/onepress.maga-digital.com\/index.php\/wp-json\/wp\/v2\/media?parent=1722"}],"wp:term":[{"taxonomy":"product_cat","embeddable":true,"href":"http:\/\/onepress.maga-digital.com\/index.php\/wp-json\/wp\/v2\/product_cat?post=1722"},{"taxonomy":"product_tag","embeddable":true,"href":"http:\/\/onepress.maga-digital.com\/index.php\/wp-json\/wp\/v2\/product_tag?post=1722"}],"curies":[{"name":"wp","href":"https:\/\/api.w.org\/{rel}","templated":true}]}}