{"id":1728,"date":"2021-10-14T03:32:13","date_gmt":"2021-10-14T03:32:13","guid":{"rendered":"http:\/\/onepress.maga-digital.com\/?post_type=product&#038;p=1728"},"modified":"2022-05-11T00:52:05","modified_gmt":"2022-05-11T00:52:05","slug":"mapa-mp260","status":"publish","type":"product","link":"http:\/\/onepress.maga-digital.com\/index.php\/producto\/mapa-mp260\/","title":{"rendered":"MAPA MP260"},"content":{"rendered":"<ul>\n<li>Posibilidad de iniciar y configurar estudios desde la grabadora sin necesidad de conectarse a la PC.<\/li>\n<li>Configuraciones preestablecidas por el usuario, incluido el per\u00edodo matutino.<\/li>\n<li>Posibilidad de modificar los rangos de presi\u00f3n v\u00e1lidos, creando as\u00ed un an\u00e1lisis personalizado para cada paciente en cada estudio.<\/li>\n<li>Promedio de horas y estad\u00edsticas con dispersi\u00f3n de tiempo.<\/li>\n<li>Totalmente configurable: resumen autom\u00e1tico e informe.<\/li>\n<li>Histogramas y gr\u00e1ficos de carga de 360\u00b0, que distinguen los per\u00edodos diarios y nocturnos. Evaluaci\u00f3n de disautonom\u00eda.<\/li>\n<li>Posibilidad de exportar estudios, junto con una aplicaci\u00f3n de visualizaci\u00f3n que permite el procesamiento del estudio en otra PC, lo que facilita la interconsulta m\u00e9dica.<\/li>\n<li>Flexibilidad para modificar los rangos de presi\u00f3n arterial v\u00e1lidos y establecer periodos de siesta.<\/li>\n<li style=\"list-style: none;text-align: center;margin: auto;\"><a class=\"btn_folleto\" href=\"\/wp-content\/uploads\/2022\/05\/Folleto-MAPA-MP260.pdf\" target=\"blank\" rel=\"noopener\">Folleto<\/a><\/li>\n<\/ul>\n","protected":false},"excerpt":{"rendered":"<p>Sistema de monitoreo ambulatorio de presi\u00f3n arterial no invasivo<\/p>\n","protected":false},"featured_media":2128,"template":"","meta":{"om_disable_all_campaigns":false,"_monsterinsights_skip_tracking":false,"_monsterinsights_sitenote_active":false,"_monsterinsights_sitenote_note":"","_monsterinsights_sitenote_category":0},"product_cat":[35],"product_tag":[60],"_links":{"self":[{"href":"http:\/\/onepress.maga-digital.com\/index.php\/wp-json\/wp\/v2\/product\/1728"}],"collection":[{"href":"http:\/\/onepress.maga-digital.com\/index.php\/wp-json\/wp\/v2\/product"}],"about":[{"href":"http:\/\/onepress.maga-digital.com\/index.php\/wp-json\/wp\/v2\/types\/product"}],"wp:featuredmedia":[{"embeddable":true,"href":"http:\/\/onepress.maga-digital.com\/index.php\/wp-json\/wp\/v2\/media\/2128"}],"wp:attachment":[{"href":"http:\/\/onepress.maga-digital.com\/index.php\/wp-json\/wp\/v2\/media?parent=1728"}],"wp:term":[{"taxonomy":"product_cat","embeddable":true,"href":"http:\/\/onepress.maga-digital.com\/index.php\/wp-json\/wp\/v2\/product_cat?post=1728"},{"taxonomy":"product_tag","embeddable":true,"href":"http:\/\/onepress.maga-digital.com\/index.php\/wp-json\/wp\/v2\/product_tag?post=1728"}],"curies":[{"name":"wp","href":"https:\/\/api.w.org\/{rel}","templated":true}]}}